{"id":1389,"date":"2026-04-02T11:21:55","date_gmt":"2026-04-02T11:21:55","guid":{"rendered":"https:\/\/proscperlu.com\/?page_id=1389"},"modified":"2026-04-02T11:21:55","modified_gmt":"2026-04-02T11:21:55","slug":"allgemeine-geschaftsbedingungen","status":"publish","type":"page","link":"https:\/\/proscperlu.com\/?page_id=1389","title":{"rendered":"Allgemeine Gesch\u00e4ftsbedingungen"},"content":{"rendered":"<p><strong>Allgemeine Bedingungen und Konditionen<\/strong><\/p>\n<p>Willkommen auf der proscperlu.com!<\/p>\n<p>Diese Bedingungen beschreiben die Regeln und Vorschriften f\u00fcr die Nutzung der proscperlu.com-Website unter der Adresse proscperlu.com.<\/p>\n<p>Mit dem Zugriff auf diese Website gehen wir davon aus, dass Sie diese Bestimmungen und Bedingungen akzeptieren. Nutzen Sie die proscperlu.com nur dann weiter, wenn Sie alle auf dieser Seite aufgef\u00fchrten Bedingungen und Konditionen akzeptieren.<\/p>\n<p>Die folgende Terminologie gilt f\u00fcr diese Allgemeinen Gesch\u00e4ftsbedingungen, die Datenschutzrichtlinie und den Haftungsausschluss sowie f\u00fcr alle Vereinbarungen: \u201eKunde\u201c, \u201eSie\u201c und \u201eIhr\u201c bezeichnet Sie, die Person, die diese Website besucht und sich an die Allgemeinen Gesch\u00e4ftsbedingungen des Unternehmens h\u00e4lt. \u201eUnternehmen\u201c, \u201ewir\u201c, \u201euns\u201c, \u201ewir\u201c, \u201eunser\u201c und \u201eUS\u201c bezieht sich auf unser Unternehmen. \u201ePartei\u201c, \u201eParteien\u201c oder \u201ewir\u201c bezieht sich sowohl auf den Kunden als auch auf uns. Alle Begriffe beziehen sich auf das Angebot, die Annahme und die Gegenleistung, die erforderlich sind, um den Prozess der Unterst\u00fctzung des Kunden in der am besten geeigneten Weise durchzuf\u00fchren, um die Bed\u00fcrfnisse des Kunden im Zusammenhang mit der Erbringung der genannten Dienstleistungen durch das Unternehmen in \u00dcbereinstimmung mit dem niederl\u00e4ndischen Recht zu erf\u00fcllen. Jegliche Verwendung der oben genannten Begriffe oder anderer W\u00f6rter im Singular, Plural, in Gro\u00dfbuchstaben und\/oder er\/sie\/es oder sie gelten als austauschbar und beziehen sich daher auf dieselbe Sache.<\/p>\n<p><b>Cookie<\/b><br \/>\nWir verwenden Cookies. Wenn Sie die proscperlu.com besuchen, stimmen Sie der Verwendung von Cookies in \u00dcbereinstimmung mit der Datenschutzrichtlinie von proscperlu.com zu.<\/p>\n<p>Die meisten interaktiven Websites verwenden Cookies, um bei jedem Besuch Informationen \u00fcber den Benutzer zu erhalten. Unsere Website verwendet Cookies, um die Funktionalit\u00e4t bestimmter Bereiche zu gew\u00e4hrleisten und den Besuchern unserer Website die Nutzung zu erleichtern. Einige unserer Partner\/Werbepartner k\u00f6nnen ebenfalls Cookies verwenden.<\/p>\n<p><b>Lizenz<\/b><br \/>\nSofern nicht anders angegeben, sind proscperlu.com und\/oder seine Lizenzgeber Eigent\u00fcmer der geistigen Eigentumsrechte an allen Materialien auf der proscperlu.com. Alle geistigen Eigentumsrechte sind vorbehalten. Sie k\u00f6nnen auf das Material der proscperlu.com f\u00fcr Ihren pers\u00f6nlichen Gebrauch zugreifen, sofern Sie die in diesen Nutzungsbedingungen dargelegten Einschr\u00e4nkungen beachten.<\/p>\n<p>Sie sollten nicht:<\/p>\n<ul>\n<li>Materialien von der proscperlu.com;<\/li>\n<li>Material von der proscperlu.com zu verkaufen, zu vermieten oder in Unterlizenz zu vergeben;<\/li>\n<li>Material von der proscperlu.com zu reproduzieren, zu duplizieren oder zu kopieren;<\/li>\n<li>Der Inhalt der proscperlu.com.<\/li>\n<\/ul>\n<p>Die Abschnitte dieser Website bieten den Nutzern die M\u00f6glichkeit, Meinungen und Informationen in bestimmten Bereichen der Website zu ver\u00f6ffentlichen und auszutauschen.<br \/>\nproscperlu.com filtert, bearbeitet, ver\u00f6ffentlicht oder \u00fcberpr\u00fcft Kommentare nicht, bevor sie auf der Website ver\u00f6ffentlicht werden. Die Kommentare spiegeln nicht die Ansichten und Meinungen von proscperlu.com, seinen Vertretern und\/oder verbundenen Unternehmen wider. Kommentare geben die Ansichten und Meinungen der Person wieder, die ihre eigenen Ansichten und Meinungen ver\u00f6ffentlicht. Soweit gesetzlich zul\u00e4ssig, haftet proscperlu.com nicht f\u00fcr Kommentare oder f\u00fcr jegliche Haftung, Sch\u00e4den oder Kosten, die durch die Nutzung und\/oder Ver\u00f6ffentlichung und\/oder das Erscheinen von Kommentaren auf dieser Website verursacht werden und\/oder entstehen.<\/p>\n<p>proscperlu.com beh\u00e4lt sich das Recht vor, alle Kommentare zu \u00fcberwachen und alle Kommentare zu entfernen, die als unangemessen, beleidigend oder als Versto\u00df gegen diese Allgemeinen Gesch\u00e4ftsbedingungen angesehen werden.<\/p>\n<p>Sie garantieren und versichern, dass:<\/p>\n<ul>\n<li>Sie haben das Recht, Kommentare auf unserer Website zu ver\u00f6ffentlichen und verf\u00fcgen \u00fcber alle erforderlichen Lizenzen und Genehmigungen, um dies zu tun;<\/li>\n<li>Die Kommentare verletzen keine Rechte an geistigem Eigentum, einschlie\u00dflich, aber nicht beschr\u00e4nkt auf Urheberrechte, Patente oder Handelsmarken Dritter;<\/li>\n<li>Kommentare enthalten kein verleumderisches, diffamierendes, beleidigendes, obsz\u00f6nes oder anderweitig ungesetzliches Material, das eine Verletzung der Privatsph\u00e4re darstellt;<\/li>\n<li>Die Kommentare werden nicht zur Werbung f\u00fcr kommerzielle oder pers\u00f6nliche Aktivit\u00e4ten oder zur Darstellung kommerzieller oder illegaler Aktivit\u00e4ten verwendet.<\/li>\n<\/ul>\n<p>Sie gew\u00e4hren proscperlu.com hiermit eine nicht-exklusive Lizenz zur Nutzung, Vervielf\u00e4ltigung und \u00c4nderung Ihrer Kommentare und gestatten anderen die Nutzung, Vervielf\u00e4ltigung und \u00c4nderung Ihrer Kommentare in jeder Form, jedem Format oder Medium.<\/p>\n<p>Hyperlink zu unseren Materialien<\/p>\n<p>Die folgenden Organisationen d\u00fcrfen ohne vorherige schriftliche Genehmigung auf unsere Website verlinken:<\/p>\n<ul>\n<li>Regierungsbeh\u00f6rden;<\/li>\n<li>Suchmaschinen;<\/li>\n<li>Nachrichtenorganisationen;<\/li>\n<li>Unternehmen, die Online-Kataloge anbieten, k\u00f6nnen auf unsere Website verlinken, so wie sie auch auf die Websites anderer b\u00f6rsennotierter Unternehmen verlinken;<\/li>\n<li>zugelassene Unternehmen, mit Ausnahme von gemeinn\u00fctzigen Organisationen, Einkaufszentren f\u00fcr wohlt\u00e4tige Zwecke und Wohlt\u00e4tigkeitsstiftungen, die keine Links zu unserer Website herstellen d\u00fcrfen.<\/li>\n<\/ul>\n<p>Diese Organisationen k\u00f6nnen auf unsere Homepage, Ver\u00f6ffentlichungen oder andere Informationen auf der Website verlinken, vorausgesetzt, dass ein solcher Link (a) in keiner Weise irref\u00fchrend ist; (b) keine falsche F\u00f6rderung, Bef\u00fcrwortung oder Genehmigung der verlinkten Partei und ihrer Produkte und\/oder Dienstleistungen impliziert; (c) in den Kontext der verlinkten Website passt.<\/p>\n<p>Wir k\u00f6nnen andere Link-Antr\u00e4ge von den folgenden Arten von Organisationen ber\u00fccksichtigen und genehmigen:<\/p>\n<ul>\n<li>Allgemein bekannte Informationsquellen f\u00fcr Verbraucher und\/oder Unternehmen;<\/li>\n<li>dot.com-Community-Websites;<\/li>\n<li>Verb\u00e4nde oder andere Gruppen, die wohlt\u00e4tige Organisationen vertreten;<\/li>\n<li>Online-Katalog-Vertreiber;<\/li>\n<li>Internet-Portale;<\/li>\n<li>Buchhaltungs-, Rechts- und Beratungsfirmen;<\/li>\n<li>Bildungseinrichtungen und Berufsverb\u00e4nde.<\/li>\n<\/ul>\n<p>Wir werden Linkanfragen dieser Organisationen bewilligen, wenn wir feststellen, dass (a) der Link nicht nachteilig f\u00fcr uns oder unsere akkreditierten Unternehmen ist; (b) die Organisation nicht in einer nachteiligen Beziehung zu uns steht; (c) der Nutzen, den wir aus der Sichtbarkeit des Hyperlinks ziehen, den Mangel an echten Kilobytes ausgleicht; und (d) der Link mit allgemeinen Ressourceninformationen verkn\u00fcpft ist.<\/p>\n<p>Diese Organisationen d\u00fcrfen auf unsere Homepage verlinken, vorausgesetzt, dass der Link (a) in keiner Weise irref\u00fchrend ist; (b) nicht f\u00e4lschlicherweise eine F\u00f6rderung, Bef\u00fcrwortung oder Billigung der verlinkten Partei und ihrer Produkte oder Dienstleistungen impliziert; und (c) in den Kontext der Website passt, an die das Snippet angeh\u00e4ngt ist.<\/p>\n<p>Wenn Sie eine der in Klausel 2 aufgef\u00fchrten Organisationen sind und einen Link zu unserer Website herstellen m\u00f6chten, m\u00fcssen Sie uns dies per E-Mail an <a href=\"mailto:info@proscperlu.com\">info@proscperlu.com<\/a> mitteilen. Geben Sie dabei Ihren Namen, den Namen der Organisation, Ihre Kontaktdaten und die URL Ihrer Website an sowie eine Liste der URLs, von denen Sie auf unsere Website verlinken m\u00f6chten, und eine Liste der URLs unserer Websites, auf die Sie verlinken m\u00f6chten. Erwarten Sie eine Antwort innerhalb von 2-3 Wochen.<\/p>\n<p>Autorisierte Organisationen k\u00f6nnen auf folgende Weise auf unsere Website verlinken:<\/p>\n<ul>\n<li>mit unserem Firmennamen darauf;<\/li>\n<li>oder unter Verwendung eines Uniform Resource Locator;<\/li>\n<li>oder unter Verwendung einer anderen Beschreibung unserer verlinkten Website, die im Kontext und im Format des Inhalts der Website der verlinkten Partei angemessen ist.<\/li>\n<\/ul>\n<p>Die Verwendung des proscperlu.com Logos oder einer anderen k\u00fcnstlerischen Gestaltung ist f\u00fcr Links nicht gestattet, wenn kein Markenlizenzvertrag vorliegt.<\/p>\n<p><b>IFRAME<\/b><br \/>\nSie d\u00fcrfen ohne vorherige schriftliche Genehmigung keine Frames um unsere Webseiten herum erstellen, die die visuelle Darstellung oder das Aussehen unserer Website in irgendeiner Weise ver\u00e4ndern.<\/p>\n<p><b>Verantwortung f\u00fcr den Inhalt<\/b><br \/>\nWir sind nicht f\u00fcr die auf Ihrer Website ver\u00f6ffentlichten Inhalte verantwortlich. Sie verpflichten sich, uns gegen alle Anspr\u00fcche zu verteidigen, die sich aus der Nutzung Ihrer Website ergeben. Keine Website sollte Links enthalten, die als verleumderisch, obsz\u00f6n oder kriminell ausgelegt werden k\u00f6nnten oder die Rechte Dritter verletzen, verletzen oder anderweitig gegen sie versto\u00dfen.<\/p>\n<p><b>Ihre Privatsph\u00e4re<\/b><br \/>\nLesen Sie unsere Datenschutzrichtlinie<\/p>\n<p>Wir behalten uns das Recht vor, jegliche Links oder spezifische Verweise auf unsere Website zu entfernen. Sie verpflichten sich, alle Links zu unserer Website auf Anfrage unverz\u00fcglich zu entfernen. Wir behalten uns au\u00dferdem das Recht vor, diese Bedingungen und die Linkpolitik jederzeit zu \u00e4ndern. Indem Sie jederzeit einen Link zu unserer Website herstellen, erkl\u00e4ren Sie sich damit einverstanden, an diese Bedingungen gebunden zu sein und sie einzuhalten.<\/p>\n<p>Entfernen von Links von unserer Website<\/p>\n<p>Wenn Sie einen Link auf unserer Website finden, der aus irgendeinem Grund anst\u00f6\u00dfig ist, k\u00f6nnen Sie sich jederzeit mit uns in Verbindung setzen und uns dies mitteilen. Wir werden Anfragen zur Entfernung von Links pr\u00fcfen, sind aber nicht verpflichtet, dem Nutzer direkt zu antworten.<\/p>\n<p>Wir \u00fcbernehmen keine Gew\u00e4hr f\u00fcr die Richtigkeit der Informationen auf dieser Website, noch garantieren wir ihre Vollst\u00e4ndigkeit oder Genauigkeit; noch \u00fcbernehmen wir irgendeine Verpflichtung, die Website verf\u00fcgbar zu machen oder das Material auf der Website auf dem neuesten Stand zu halten.<\/p>\n<p><b>Haftungsausschluss<\/b><br \/>\nSoweit es das geltende Recht zul\u00e4sst, schlie\u00dfen wir alle Zusicherungen, Garantien und Bedingungen in Bezug auf unsere Website und Ihre Nutzung dieser Website aus. Nichts in diesem Haftungsausschluss wird:<\/p>\n<ul>\n<li>unsere oder Ihre Haftung f\u00fcr Tod oder K\u00f6rperverletzung beschr\u00e4nken oder ausschlie\u00dfen;<\/li>\n<li>unsere oder Ihre Haftung f\u00fcr Betrug oder arglistige T\u00e4uschung beschr\u00e4nken oder ausschlie\u00dfen;<\/li>\n<li>unsere oder Ihre Haftung in einer Weise zu beschr\u00e4nken, die nicht durch das anwendbare Recht erlaubt ist;<\/li>\n<li>eine Haftung von uns oder Ihnen ausschlie\u00dfen, die nach geltendem Recht nicht ausgeschlossen werden kann.<\/li>\n<\/ul>\n<p>Die Haftungsbeschr\u00e4nkungen und -ausschl\u00fcsse in diesem Abschnitt und an anderer Stelle in diesem Haftungsausschluss: (a) werden durch den vorhergehenden Absatz geregelt; und (b) regeln alle Haftungen, die sich aus diesem Haftungsausschluss ergeben, einschlie\u00dflich der Haftung aus Vertrag, unerlaubter Handlung und Verletzung gesetzlicher Pflichten.<\/p>\n<p>Solange die Website und die darin enthaltenen Informationen und Dienstleistungen kostenlos zur Verf\u00fcgung gestellt werden, haften wir nicht f\u00fcr Verluste oder Sch\u00e4den jeglicher Art.<\/p>\n<p>&nbsp;<\/p>\n","protected":false},"excerpt":{"rendered":"<p>Allgemeine Bedingungen und Konditionen Willkommen auf der proscperlu.com! Diese Bedingungen beschreiben die Regeln und Vorschriften f\u00fcr die Nutzung der proscperlu.com-Website unter der Adresse proscperlu.com. Mit dem Zugriff auf diese Website&hellip;<\/p>\n","protected":false},"author":1,"featured_media":0,"parent":0,"menu_order":0,"comment_status":"closed","ping_status":"closed","template":"","meta":{"footnotes":""},"class_list":["post-1389","page","type-page","status-publish","hentry"],"_links":{"self":[{"href":"https:\/\/proscperlu.com\/index.php?rest_route=\/wp\/v2\/pages\/1389","targetHints":{"allow":["GET"]}}],"collection":[{"href":"https:\/\/proscperlu.com\/index.php?rest_route=\/wp\/v2\/pages"}],"about":[{"href":"https:\/\/proscperlu.com\/index.php?rest_route=\/wp\/v2\/types\/page"}],"author":[{"embeddable":true,"href":"https:\/\/proscperlu.com\/index.php?rest_route=\/wp\/v2\/users\/1"}],"replies":[{"embeddable":true,"href":"https:\/\/proscperlu.com\/index.php?rest_route=%2Fwp%2Fv2%2Fcomments&post=1389"}],"version-history":[{"count":1,"href":"https:\/\/proscperlu.com\/index.php?rest_route=\/wp\/v2\/pages\/1389\/revisions"}],"predecessor-version":[{"id":1393,"href":"https:\/\/proscperlu.com\/index.php?rest_route=\/wp\/v2\/pages\/1389\/revisions\/1393"}],"wp:attachment":[{"href":"https:\/\/proscperlu.com\/index.php?rest_route=%2Fwp%2Fv2%2Fmedia&parent=1389"}],"curies":[{"name":"wp","href":"https:\/\/api.w.org\/{rel}","templated":true}]}}