{"id":1388,"date":"2026-04-02T11:21:46","date_gmt":"2026-04-02T11:21:46","guid":{"rendered":"https:\/\/proscperlu.com\/?page_id=1388"},"modified":"2026-04-02T11:21:46","modified_gmt":"2026-04-02T11:21:46","slug":"datenschutz-bestimmungen","status":"publish","type":"page","link":"https:\/\/proscperlu.com\/?page_id=1388","title":{"rendered":"Datenschutz-Bestimmungen"},"content":{"rendered":"<p><strong>Schutz von personenbezogenen Daten<\/strong><br \/>\nDie Schutzma\u00dfnahmen gelten f\u00fcr die Eingabe, Bereitstellung und Verarbeitung personenbezogener Daten.<\/p>\n<p>Offenlegung personenbezogener Daten und deren Weitergabe an Dritte<\/p>\n<p>Ihre personenbezogenen Daten d\u00fcrfen nur dann weitergegeben werden, wenn dies aus folgenden Gr\u00fcnden erforderlich ist: a) zur Einhaltung der gesetzlichen Bestimmungen oder der Anforderungen unserer Rechtsordnung; b) zum Schutz unserer Rechte oder unseres Eigentums; c) zur Ergreifung von Notfallma\u00dfnahmen zum Schutz der Sicherheit unserer Mitarbeiter oder der Nutzer unserer Dienste oder der \u00f6ffentlichen Sicherheit. Ihre pers\u00f6nlichen Daten, die wir bei der Registrierung erhalten, k\u00f6nnen an Dritte und Personen weitergegeben werden, die mit uns zusammenarbeiten, um unsere Dienstleistungen zu verbessern. Ihre pers\u00f6nlichen Daten werden f\u00fcr keinen der oben genannten Zwecke verwendet. Die E-Mail-Adresse, die Sie bei der Registrierung angegeben haben, um Nachrichten oder Benachrichtigungen \u00fcber \u00c4nderungen an der Anwendung zu versenden, sowie um Nachrichten \u00fcber Veranstaltungen und \u00c4nderungen im Unternehmen, wichtige Informationen \u00fcber neue Produkte und Dienstleistungen usw. zu versenden.<\/p>\n<p><strong>Verwendung von Cookies<\/strong><br \/>\nWenn ein Nutzer die Website besucht, wird ein Cookie auf seinem Computer gespeichert (wenn der Nutzer den Empfang solcher Cookies zul\u00e4sst). Wenn der Benutzer die Website bereits besucht hat, kann ein Cookie vom Computer des Benutzers gelesen werden. Cookies werden unter anderem verwendet, um Besucherstatistiken zu erstellen. Anhand dieser Daten k\u00f6nnen wir feststellen, welche Informationen, die wir an unsere Kunden senden, f\u00fcr sie wertvoller sein k\u00f6nnten. Sie werden in allgemeiner Form gesammelt und enthalten niemals pers\u00f6nliche Informationen \u00fcber den Nutzer.<\/p>\n<p>Dritte, einschlie\u00dflich Google, schalten Werbung f\u00fcr unser Unternehmen auf Websites im Internet. Dritte, einschlie\u00dflich Google, verwenden Cookies, um den Nutzern Anzeigen zu pr\u00e4sentieren, die auf ihren fr\u00fcheren Besuchen auf unseren Websites und ihren Interessen in ihren Webbrowsern basieren. Sie k\u00f6nnen die Verwendung dieses Cookies durch Google deaktivieren. Dazu besuchen Sie bitte die entsprechende Seite von Google unter dieser Adresse:<br \/>\nhttp:\/\/www.google.com\/privacy\/ads\/<\/p>\n<p><strong>\u00c4nderungen an einem Antrag auf vertrauliche Informationen<\/strong><br \/>\nDas Ersuchen um vertrauliche Informationen sollte regelm\u00e4\u00dfig aktualisiert werden. Das Datum der letzten Aktualisierung wird dann am oberen Rand des Dokuments ge\u00e4ndert. Hinweise auf diese \u00c4nderungen werden an prominenter Stelle auf unserer Website ver\u00f6ffentlicht.<\/p>\n<p><strong>Wir danken Ihnen f\u00fcr Ihr Interesse an unserem System!<\/strong><\/p>\n","protected":false},"excerpt":{"rendered":"<p>Schutz von personenbezogenen Daten Die Schutzma\u00dfnahmen gelten f\u00fcr die Eingabe, Bereitstellung und Verarbeitung personenbezogener Daten. Offenlegung personenbezogener Daten und deren Weitergabe an Dritte Ihre personenbezogenen Daten d\u00fcrfen nur dann weitergegeben&hellip;<\/p>\n","protected":false},"author":1,"featured_media":0,"parent":0,"menu_order":0,"comment_status":"closed","ping_status":"closed","template":"","meta":{"footnotes":""},"class_list":["post-1388","page","type-page","status-publish","hentry"],"_links":{"self":[{"href":"https:\/\/proscperlu.com\/index.php?rest_route=\/wp\/v2\/pages\/1388","targetHints":{"allow":["GET"]}}],"collection":[{"href":"https:\/\/proscperlu.com\/index.php?rest_route=\/wp\/v2\/pages"}],"about":[{"href":"https:\/\/proscperlu.com\/index.php?rest_route=\/wp\/v2\/types\/page"}],"author":[{"embeddable":true,"href":"https:\/\/proscperlu.com\/index.php?rest_route=\/wp\/v2\/users\/1"}],"replies":[{"embeddable":true,"href":"https:\/\/proscperlu.com\/index.php?rest_route=%2Fwp%2Fv2%2Fcomments&post=1388"}],"version-history":[{"count":1,"href":"https:\/\/proscperlu.com\/index.php?rest_route=\/wp\/v2\/pages\/1388\/revisions"}],"predecessor-version":[{"id":1392,"href":"https:\/\/proscperlu.com\/index.php?rest_route=\/wp\/v2\/pages\/1388\/revisions\/1392"}],"wp:attachment":[{"href":"https:\/\/proscperlu.com\/index.php?rest_route=%2Fwp%2Fv2%2Fmedia&parent=1388"}],"curies":[{"name":"wp","href":"https:\/\/api.w.org\/{rel}","templated":true}]}}