{"id":1386,"date":"2026-04-02T11:21:22","date_gmt":"2026-04-02T11:21:22","guid":{"rendered":"https:\/\/proscperlu.com\/?page_id=1386"},"modified":"2026-04-02T11:21:22","modified_gmt":"2026-04-02T11:21:22","slug":"cookies","status":"publish","type":"page","link":"https:\/\/proscperlu.com\/?page_id=1386","title":{"rendered":"Cookies"},"content":{"rendered":"<p>Diese Website verwendet Cookies, um die Benutzerfreundlichkeit zu verbessern. Durch die Nutzung dieser Website erkl\u00e4ren Sie sich mit der Verwendung von Cookies einverstanden.<\/p>\n<p>Was sind Cookies? Cookies sind kleine Textdateien, die auf Ihrem Computer gespeichert werden und die es Websites erm\u00f6glichen, Informationen \u00fcber Ihre Interaktion mit der Website zu verfolgen und zu speichern. Diese Dateien helfen uns zu analysieren, wie Sie unsere Website nutzen, und erm\u00f6glichen es uns, Ihnen bessere und relevantere Inhalte zu bieten.<\/p>\n<p>Welche Cookies verwenden wir? Wir verwenden die folgenden Arten von Cookies auf unserer Website:<\/p>\n<p>    &#8211; Unverzichtbare Cookies: Diese Cookies sind f\u00fcr das Funktionieren unserer Website erforderlich und erm\u00f6glichen uns die Nutzung grundlegender Funktionen wie das Einloggen oder das T\u00e4tigen von Eink\u00e4ufen.<\/p>\n<p>    &#8211; Analytische Cookies: Diese Cookies helfen uns zu verfolgen, wie Sie unsere Website nutzen, damit wir ihre Leistung und ihren Inhalt verbessern k\u00f6nnen.<\/p>\n<p>    &#8211; Werbe-Cookies: Diese Cookies erm\u00f6glichen es uns, Ihnen auf der Grundlage Ihres Verhaltens auf unserer Website relevante Werbung zukommen zu lassen.<\/p>\n<p>Wie k\u00f6nnen Sie Cookies verwalten? Sie k\u00f6nnen Cookies auf dieser Website aktivieren oder deaktivieren. Bitte beachten Sie jedoch, dass die Deaktivierung bestimmter Arten von Cookies die Funktionalit\u00e4t der Website beeintr\u00e4chtigen kann.<\/p>\n<p>Wenn Sie unten auf die Schaltfl\u00e4che &#8222;Ich stimme zu&#8220; klicken, erkl\u00e4ren Sie sich mit der Verwendung aller Arten von Cookies auf dieser Website einverstanden. Wenn Sie die Verwendung von Cookies nicht zulassen m\u00f6chten, k\u00f6nnen Sie &#8222;Ich stimme nicht zu&#8220; w\u00e4hlen und die Website weiter nutzen, allerdings k\u00f6nnen einige Funktionen eingeschr\u00e4nkt sein.<\/p>\n<p>Weitere Informationen \u00fcber unsere Datenschutzpolitik und Cookies finden Sie auf unserer Seite mit Informationen zum Datenschutz.<\/p>\n<p>Wir danken Ihnen f\u00fcr Ihr Vertrauen und die Nutzung unserer Website.<\/p>\n","protected":false},"excerpt":{"rendered":"<p>Diese Website verwendet Cookies, um die Benutzerfreundlichkeit zu verbessern. Durch die Nutzung dieser Website erkl\u00e4ren Sie sich mit der Verwendung von Cookies einverstanden. Was sind Cookies? Cookies sind kleine Textdateien,&hellip;<\/p>\n","protected":false},"author":1,"featured_media":0,"parent":0,"menu_order":0,"comment_status":"closed","ping_status":"closed","template":"","meta":{"footnotes":""},"class_list":["post-1386","page","type-page","status-publish","hentry"],"_links":{"self":[{"href":"https:\/\/proscperlu.com\/index.php?rest_route=\/wp\/v2\/pages\/1386","targetHints":{"allow":["GET"]}}],"collection":[{"href":"https:\/\/proscperlu.com\/index.php?rest_route=\/wp\/v2\/pages"}],"about":[{"href":"https:\/\/proscperlu.com\/index.php?rest_route=\/wp\/v2\/types\/page"}],"author":[{"embeddable":true,"href":"https:\/\/proscperlu.com\/index.php?rest_route=\/wp\/v2\/users\/1"}],"replies":[{"embeddable":true,"href":"https:\/\/proscperlu.com\/index.php?rest_route=%2Fwp%2Fv2%2Fcomments&post=1386"}],"version-history":[{"count":1,"href":"https:\/\/proscperlu.com\/index.php?rest_route=\/wp\/v2\/pages\/1386\/revisions"}],"predecessor-version":[{"id":1390,"href":"https:\/\/proscperlu.com\/index.php?rest_route=\/wp\/v2\/pages\/1386\/revisions\/1390"}],"wp:attachment":[{"href":"https:\/\/proscperlu.com\/index.php?rest_route=%2Fwp%2Fv2%2Fmedia&parent=1386"}],"curies":[{"name":"wp","href":"https:\/\/api.w.org\/{rel}","templated":true}]}}